{"id":19113,"date":"2025-04-30T14:59:24","date_gmt":"2025-04-30T14:59:24","guid":{"rendered":"https:\/\/brokerjoker.bg\/?page_id=19113"},"modified":"2025-04-30T15:17:57","modified_gmt":"2025-04-30T15:17:57","slug":"karta-na-sajta","status":"publish","type":"page","link":"https:\/\/brokerjoker.bg\/tr\/karta-na-sajta\/","title":{"rendered":"Site Haritas\u0131"},"content":{"rendered":"<div class=\"rank-math-html-sitemap\"><div class=\"rank-math-html-sitemap__section rank-math-html-sitemap__section--post-type rank-math-html-sitemap__section--page\"><h2 class=\"rank-math-html-sitemap__title\">Sayfalar<\/h2><ul class=\"rank-math-html-sitemap__list\"><li class=\"rank-math-html-sitemap__item\"><a href=\"https:\/\/brokerjoker.bg\/tr\/user-dashboard\/\" class=\"rank-math-html-sitemap__link\">User Dashboard<\/a><\/li><li class=\"rank-math-html-sitemap__item\"><a href=\"https:\/\/brokerjoker.bg\/tr\/karta-na-sajta\/\" class=\"rank-math-html-sitemap__link\">Site Haritas\u0131<\/a><\/li><li class=\"rank-math-html-sitemap__item\"><a href=\"https:\/\/brokerjoker.bg\/tr\/karieri\/\" class=\"rank-math-html-sitemap__link\">Kariyer<\/a><\/li><li class=\"rank-math-html-sitemap__item\"><a href=\"https:\/\/brokerjoker.bg\/tr\/prodai-imot\/\" class=\"rank-math-html-sitemap__link\">Emlak Sat<\/a><\/li><li class=\"rank-math-html-sitemap__item\"><a href=\"https:\/\/brokerjoker.bg\/tr\/imoti\/\" class=\"rank-math-html-sitemap__link\">Emlak<\/a><\/li><li class=\"rank-math-html-sitemap__item\"><a href=\"https:\/\/brokerjoker.bg\/tr\/kontakti\/\" class=\"rank-math-html-sitemap__link\">\u0130leti\u015fim<\/a><\/li><li class=\"rank-math-html-sitemap__item\"><a href=\"https:\/\/brokerjoker.bg\/tr\/\" class=\"rank-math-html-sitemap__link\">Ba\u015flang\u0131\u00e7<\/a><\/li><li class=\"rank-math-html-sitemap__item\"><a href=\"https:\/\/brokerjoker.bg\/tr\/search-results\/\" class=\"rank-math-html-sitemap__link\">Arama sonu\u00e7lar\u0131<\/a><\/li><li class=\"rank-math-html-sitemap__item\"><a href=\"https:\/\/brokerjoker.bg\/tr\/za-nas\/\" class=\"rank-math-html-sitemap__link\">Hakk\u0131m\u0131zda<\/a><\/li><\/ul><\/div><div class=\"rank-math-html-sitemap__section rank-math-html-sitemap__section--taxonomy rank-math-html-sitemap__section--category\"><h2 class=\"rank-math-html-sitemap__title\">Kategoriler<\/h2><ul class=\"rank-math-html-sitemap__list\"><li class=\"rank-math-html-sitemap__item\"><a href=\"https:\/\/brokerjoker.bg\/tr\/category\/blog\/\" class=\"rank-math-html-sitemap__link\">Blog<\/a><\/li><li class=\"rank-math-html-sitemap__item\"><a href=\"https:\/\/brokerjoker.bg\/tr\/category\/business\/\" class=\"rank-math-html-sitemap__link\">\u0130\u015f<\/a><\/li><li class=\"rank-math-html-sitemap__item\"><a href=\"https:\/\/brokerjoker.bg\/tr\/category\/construction\/\" class=\"rank-math-html-sitemap__link\">\u0130n\u015faat<\/a><\/li><li class=\"rank-math-html-sitemap__item\"><a href=\"https:\/\/brokerjoker.bg\/tr\/category\/real-estate\/\" class=\"rank-math-html-sitemap__link\">Emlak<\/a><\/li><\/ul><\/div><div class=\"rank-math-html-sitemap__section rank-math-html-sitemap__section--taxonomy rank-math-html-sitemap__section--property_type\"><h2 class=\"rank-math-html-sitemap__title\">ipucu<\/h2><ul class=\"rank-math-html-sitemap__list\"><li class=\"rank-math-html-sitemap__item\"><a href=\"https:\/\/brokerjoker.bg\/tr\/property-type\/1-staen\/\" class=\"rank-math-html-sitemap__link\">1 odal\u0131<\/a><\/li><li class=\"rank-math-html-sitemap__item\"><a href=\"https:\/\/brokerjoker.bg\/tr\/property-type\/2-staen\/\" class=\"rank-math-html-sitemap__link\">2 odal\u0131<\/a><\/li><li class=\"rank-math-html-sitemap__item\"><a href=\"https:\/\/brokerjoker.bg\/tr\/property-type\/3-staen\/\" class=\"rank-math-html-sitemap__link\">3 odal\u0131<\/a><\/li><li class=\"rank-math-html-sitemap__item\"><a href=\"https:\/\/brokerjoker.bg\/tr\/property-type\/4-staen\/\" class=\"rank-math-html-sitemap__link\">4 odal\u0131<\/a><\/li><li class=\"rank-math-html-sitemap__item\"><a href=\"https:\/\/brokerjoker.bg\/tr\/property-type\/garazh\/\" class=\"rank-math-html-sitemap__link\">Garaj<\/a><\/li><li class=\"rank-math-html-sitemap__item\"><a href=\"https:\/\/brokerjoker.bg\/tr\/property-type\/zavedenie\/\" class=\"rank-math-html-sitemap__link\">\u0130\u015fletme<\/a><\/li><li class=\"rank-math-html-sitemap__item\"><a href=\"https:\/\/brokerjoker.bg\/tr\/property-type\/zemedelski-imot\/\" class=\"rank-math-html-sitemap__link\">Tar\u0131m arazisi<\/a><\/li><li class=\"rank-math-html-sitemap__item\"><a href=\"https:\/\/brokerjoker.bg\/tr\/property-type\/kastha\/\" class=\"rank-math-html-sitemap__link\">Ev<\/a><\/li><li class=\"rank-math-html-sitemap__item\"><a href=\"https:\/\/brokerjoker.bg\/tr\/property-type\/magazin\/\" class=\"rank-math-html-sitemap__link\">Ma\u011faza<\/a><\/li><li class=\"rank-math-html-sitemap__item\"><a href=\"https:\/\/brokerjoker.bg\/tr\/property-type\/mezonet\/\" class=\"rank-math-html-sitemap__link\">Dubleks<\/a><\/li><li class=\"rank-math-html-sitemap__item\"><a href=\"https:\/\/brokerjoker.bg\/tr\/property-type\/mnogostaen\/\" class=\"rank-math-html-sitemap__link\">\u00c7ok odal\u0131<\/a><\/li><li class=\"rank-math-html-sitemap__item\"><a href=\"https:\/\/brokerjoker.bg\/tr\/property-type\/ofis\/\" class=\"rank-math-html-sitemap__link\">Ofis<\/a><\/li><li class=\"rank-math-html-sitemap__item\"><a href=\"https:\/\/brokerjoker.bg\/tr\/property-type\/parczel\/\" class=\"rank-math-html-sitemap__link\">Arsa<\/a><\/li><li class=\"rank-math-html-sitemap__item\"><a href=\"https:\/\/brokerjoker.bg\/tr\/property-type\/prom-pomesthenie\/\" class=\"rank-math-html-sitemap__link\">Tic. alan<\/a><\/li><li class=\"rank-math-html-sitemap__item\"><a href=\"https:\/\/brokerjoker.bg\/tr\/property-type\/sklad\/\" class=\"rank-math-html-sitemap__link\">Depo<\/a><\/li><\/ul><\/div><div class=\"rank-math-html-sitemap__section rank-math-html-sitemap__section--taxonomy rank-math-html-sitemap__section--property_status\"><h2 class=\"rank-math-html-sitemap__title\">durum<\/h2><ul class=\"rank-math-html-sitemap__list\"><li class=\"rank-math-html-sitemap__item\"><a href=\"https:\/\/brokerjoker.bg\/tr\/status\/otdava-pod-naem\/\" class=\"rank-math-html-sitemap__link\">Kiral\u0131k<\/a><\/li><li class=\"rank-math-html-sitemap__item\"><a href=\"https:\/\/brokerjoker.bg\/tr\/status\/prodava\/\" class=\"rank-math-html-sitemap__link\">Sat\u0131l\u0131k<\/a><\/li><\/ul><\/div><div class=\"rank-math-html-sitemap__section rank-math-html-sitemap__section--taxonomy rank-math-html-sitemap__section--property_feature\"><h2 class=\"rank-math-html-sitemap__title\">\u00d6zellikler<\/h2><ul class=\"rank-math-html-sitemap__list\"><li class=\"rank-math-html-sitemap__item\"><a href=\"https:\/\/brokerjoker.bg\/tr\/feature\/asansor\/\" class=\"rank-math-html-sitemap__link\">asans\u00f6r<\/a><\/li><li class=\"rank-math-html-sitemap__item\"><a href=\"https:\/\/brokerjoker.bg\/tr\/feature\/v-regulacziya\/\" class=\"rank-math-html-sitemap__link\">d\u00fczenlemede<\/a><\/li><li class=\"rank-math-html-sitemap__item\"><a href=\"https:\/\/brokerjoker.bg\/tr\/feature\/v-stroezh\/\" class=\"rank-math-html-sitemap__link\">yap\u0131m a\u015famas\u0131nda<\/a><\/li><li class=\"rank-math-html-sitemap__item\"><a href=\"https:\/\/brokerjoker.bg\/tr\/feature\/vhoda-se-zaklyuchva\/\" class=\"rank-math-html-sitemap__link\">Giri\u015f kilitleniyor<\/a><\/li><li class=\"rank-math-html-sitemap__item\"><a href=\"https:\/\/brokerjoker.bg\/tr\/feature\/za-investiczii\/\" class=\"rank-math-html-sitemap__link\">yat\u0131r\u0131m i\u00e7in<\/a><\/li><li class=\"rank-math-html-sitemap__item\"><a href=\"https:\/\/brokerjoker.bg\/tr\/feature\/idealni-chasti-ot-zemyata\/\" class=\"rank-math-html-sitemap__link\">arazi ideal hisseleri<\/a><\/li><li class=\"rank-math-html-sitemap__item\"><a href=\"https:\/\/brokerjoker.bg\/tr\/feature\/luksozen-imot\/\" class=\"rank-math-html-sitemap__link\">l\u00fcks emlak<\/a><\/li><li class=\"rank-math-html-sitemap__item\"><a href=\"https:\/\/brokerjoker.bg\/tr\/feature\/maze\/\" class=\"rank-math-html-sitemap__link\">kiler<\/a><\/li><li class=\"rank-math-html-sitemap__item\"><a href=\"https:\/\/brokerjoker.bg\/tr\/feature\/masivna-vanshna-vrata\/\" class=\"rank-math-html-sitemap__link\">masif d\u0131\u015f kap\u0131<\/a><\/li><li class=\"rank-math-html-sitemap__item\"><a href=\"https:\/\/brokerjoker.bg\/tr\/feature\/prehoden\/\" class=\"rank-math-html-sitemap__link\">ge\u00e7i\u015f<\/a><\/li><li class=\"rank-math-html-sitemap__item\"><a href=\"https:\/\/brokerjoker.bg\/tr\/feature\/s-parkomyasto\/\" class=\"rank-math-html-sitemap__link\">park yeri ile<\/a><\/li><li class=\"rank-math-html-sitemap__item\"><a href=\"https:\/\/brokerjoker.bg\/tr\/feature\/sklad-v-apartamenta\/\" class=\"rank-math-html-sitemap__link\">Dairedeki depo<\/a><\/li><li class=\"rank-math-html-sitemap__item\"><a href=\"https:\/\/brokerjoker.bg\/tr\/feature\/tavan\/\" class=\"rank-math-html-sitemap__link\">tavan<\/a><\/li><li class=\"rank-math-html-sitemap__item\"><a href=\"https:\/\/brokerjoker.bg\/tr\/feature\/tehnicheski-pasport-na-sgradata\/\" class=\"rank-math-html-sitemap__link\">binan\u0131n teknik pasaportu<\/a><\/li><li class=\"rank-math-html-sitemap__item\"><a href=\"https:\/\/brokerjoker.bg\/tr\/feature\/tok\/\" class=\"rank-math-html-sitemap__link\">ak\u0131m<\/a><\/li><\/ul><\/div><div class=\"rank-math-html-sitemap__section rank-math-html-sitemap__section--taxonomy rank-math-html-sitemap__section--property_country\"><h2 class=\"rank-math-html-sitemap__title\">\u00fclke<\/h2><ul class=\"rank-math-html-sitemap__list\"><li class=\"rank-math-html-sitemap__item\"><a href=\"https:\/\/brokerjoker.bg\/tr\/country\/balgariya\/\" class=\"rank-math-html-sitemap__link\">Bulgaristan<\/a><\/li><li class=\"rank-math-html-sitemap__item\"><a href=\"https:\/\/brokerjoker.bg\/tr\/country\/garcziya\/\" class=\"rank-math-html-sitemap__link\">Yunanistan<\/a><\/li><\/ul><\/div><div class=\"rank-math-html-sitemap__section rank-math-html-sitemap__section--taxonomy rank-math-html-sitemap__section--property_city\"><h2 class=\"rank-math-html-sitemap__title\">Kent<\/h2><ul class=\"rank-math-html-sitemap__list\"><li class=\"rank-math-html-sitemap__item\"><a href=\"https:\/\/brokerjoker.bg\/tr\/city\/dobrich-oblast\/\" class=\"rank-math-html-sitemap__link\">Dobri\u00e7, b\u00f6lge<\/a><\/li><li class=\"rank-math-html-sitemap__item\"><a href=\"https:\/\/brokerjoker.bg\/tr\/city\/kardzhali\/\" class=\"rank-math-html-sitemap__link\">K\u0131rcaali<\/a><\/li><li class=\"rank-math-html-sitemap__item\"><a href=\"https:\/\/brokerjoker.bg\/tr\/city\/kardzhali-oblast\/\" class=\"rank-math-html-sitemap__link\">K\u0131rcaali, ili<\/a><\/li><li class=\"rank-math-html-sitemap__item\"><a href=\"https:\/\/brokerjoker.bg\/tr\/city\/o-tasos\/\" class=\"rank-math-html-sitemap__link\">Ta\u015foz<\/a><\/li><li class=\"rank-math-html-sitemap__item\"><a href=\"https:\/\/brokerjoker.bg\/tr\/city\/plovdiv\/\" class=\"rank-math-html-sitemap__link\">Filibe<\/a><\/li><li class=\"rank-math-html-sitemap__item\"><a href=\"https:\/\/brokerjoker.bg\/tr\/city\/plovdiv-oblast\/\" class=\"rank-math-html-sitemap__link\">Filibe, b\u00f6lge<\/a><\/li><li class=\"rank-math-html-sitemap__item\"><a href=\"https:\/\/brokerjoker.bg\/tr\/city\/rodopi\/\" class=\"rank-math-html-sitemap__link\">Rodoplar<\/a><\/li><li class=\"rank-math-html-sitemap__item\"><a href=\"https:\/\/brokerjoker.bg\/tr\/city\/seres\/\" class=\"rank-math-html-sitemap__link\">Serez<\/a><\/li><li class=\"rank-math-html-sitemap__item\"><a href=\"https:\/\/brokerjoker.bg\/tr\/city\/smolyan-oblast\/\" class=\"rank-math-html-sitemap__link\">Smolyan, b\u00f6lge<\/a><\/li><li class=\"rank-math-html-sitemap__item\"><a href=\"https:\/\/brokerjoker.bg\/tr\/city\/sofiya\/\" class=\"rank-math-html-sitemap__link\">Sofya<\/a><\/li><li class=\"rank-math-html-sitemap__item\"><a href=\"https:\/\/brokerjoker.bg\/tr\/city\/haskovo-oblast\/\" class=\"rank-math-html-sitemap__link\">Haskovo, b\u00f6lge<\/a><\/li><\/ul><\/div><div class=\"rank-math-html-sitemap__section rank-math-html-sitemap__section--taxonomy rank-math-html-sitemap__section--property_area\"><h2 class=\"rank-math-html-sitemap__title\">alan<\/h2><ul class=\"rank-math-html-sitemap__list\"><li class=\"rank-math-html-sitemap__item\"><a href=\"https:\/\/brokerjoker.bg\/tr\/area\/akti-neon-kerdilion\/\" class=\"rank-math-html-sitemap__link\">Akti Neon Kerdilion<\/a><\/li><li class=\"rank-math-html-sitemap__item\"><a href=\"https:\/\/brokerjoker.bg\/tr\/area\/bajkal\/\" class=\"rank-math-html-sitemap__link\">Baykal<\/a><\/li><li class=\"rank-math-html-sitemap__item\"><a href=\"https:\/\/brokerjoker.bg\/tr\/area\/benkovski\/\" class=\"rank-math-html-sitemap__link\">Benkovski<\/a><\/li><li class=\"rank-math-html-sitemap__item\"><a href=\"https:\/\/brokerjoker.bg\/tr\/area\/bul-balgariya\/\" class=\"rank-math-html-sitemap__link\">Bulgaristan Bulvar\u0131<\/a><\/li><li class=\"rank-math-html-sitemap__item\"><a href=\"https:\/\/brokerjoker.bg\/tr\/area\/v-z-gorna-banya\/\" class=\"rank-math-html-sitemap__link\">v.z. Gorna Banya<\/a><\/li><li class=\"rank-math-html-sitemap__item\"><a href=\"https:\/\/brokerjoker.bg\/tr\/area\/veselchane\/\" class=\"rank-math-html-sitemap__link\">Vesel\u00e7ane<\/a><\/li><li class=\"rank-math-html-sitemap__item\"><a href=\"https:\/\/brokerjoker.bg\/tr\/area\/vazrozhdenczi\/\" class=\"rank-math-html-sitemap__link\">R\u00f6nesans\u00e7\u0131lar<\/a><\/li><li class=\"rank-math-html-sitemap__item\"><a href=\"https:\/\/brokerjoker.bg\/tr\/area\/gledka\/\" class=\"rank-math-html-sitemap__link\">Manzara<\/a><\/li><li class=\"rank-math-html-sitemap__item\"><a href=\"https:\/\/brokerjoker.bg\/tr\/area\/gr-asenovgrad\/\" class=\"rank-math-html-sitemap__link\">Asenovgrad<\/a><\/li><li class=\"rank-math-html-sitemap__item\"><a href=\"https:\/\/brokerjoker.bg\/tr\/area\/gr-dzhebel\/\" class=\"rank-math-html-sitemap__link\">Cebel<\/a><\/li><li class=\"rank-math-html-sitemap__item\"><a href=\"https:\/\/brokerjoker.bg\/tr\/area\/gr-momchilgrad\/\" class=\"rank-math-html-sitemap__link\">Mom\u00e7ilgrad<\/a><\/li><li class=\"rank-math-html-sitemap__item\"><a href=\"https:\/\/brokerjoker.bg\/tr\/area\/industrialna-zona-iztok\/\" class=\"rank-math-html-sitemap__link\">End\u00fcstriyel b\u00f6lge - Do\u011fu<\/a><\/li><li class=\"rank-math-html-sitemap__item\"><a href=\"https:\/\/brokerjoker.bg\/tr\/area\/nea-kariya\/\" class=\"rank-math-html-sitemap__link\">Yeni Karaca<\/a><\/li><li class=\"rank-math-html-sitemap__item\"><a href=\"https:\/\/brokerjoker.bg\/tr\/area\/prilepczi\/\" class=\"rank-math-html-sitemap__link\">Prilep\u00e7e<\/a><\/li><li class=\"rank-math-html-sitemap__item\"><a href=\"https:\/\/brokerjoker.bg\/tr\/area\/promishlena-zona-b\/\" class=\"rank-math-html-sitemap__link\">Sanayi b\u00f6lgesi B<\/a><\/li><li class=\"rank-math-html-sitemap__item\"><a href=\"https:\/\/brokerjoker.bg\/tr\/area\/promishlena-zona-yug\/\" class=\"rank-math-html-sitemap__link\">Sanayi b\u00f6lgesi G\u00fcney<\/a><\/li><li class=\"rank-math-html-sitemap__item\"><a href=\"https:\/\/brokerjoker.bg\/tr\/area\/s-brosh\/\" class=\"rank-math-html-sitemap__link\">s.Bro\u015f<\/a><\/li><li class=\"rank-math-html-sitemap__item\"><a href=\"https:\/\/brokerjoker.bg\/tr\/area\/s-bryastovo\/\" class=\"rank-math-html-sitemap__link\">s.Bryastovo<\/a><\/li><li class=\"rank-math-html-sitemap__item\"><a href=\"https:\/\/brokerjoker.bg\/tr\/area\/s-glavatarczi\/\" class=\"rank-math-html-sitemap__link\">Glavatarci<\/a><\/li><li class=\"rank-math-html-sitemap__item\"><a href=\"https:\/\/brokerjoker.bg\/tr\/area\/s-gluhar\/\" class=\"rank-math-html-sitemap__link\">k.Gluhar<\/a><\/li><li class=\"rank-math-html-sitemap__item\"><a href=\"https:\/\/brokerjoker.bg\/tr\/area\/s-gnyazdovo\/\" class=\"rank-math-html-sitemap__link\">Gnyazdovo<\/a><\/li><li class=\"rank-math-html-sitemap__item\"><a href=\"https:\/\/brokerjoker.bg\/tr\/area\/s-gurgulicza\/\" class=\"rank-math-html-sitemap__link\">Gurgulica k\u00f6y\u00fc<\/a><\/li><li class=\"rank-math-html-sitemap__item\"><a href=\"https:\/\/brokerjoker.bg\/tr\/area\/s-gaskovo\/\" class=\"rank-math-html-sitemap__link\">G\u0131skovo<\/a><\/li><li class=\"rank-math-html-sitemap__item\"><a href=\"https:\/\/brokerjoker.bg\/tr\/area\/s-enchecz\/\" class=\"rank-math-html-sitemap__link\">s.En\u00e7e<\/a><\/li><li class=\"rank-math-html-sitemap__item\"><a href=\"https:\/\/brokerjoker.bg\/tr\/area\/s-zheladovo\/\" class=\"rank-math-html-sitemap__link\">s.Zhel\u0131dovo<\/a><\/li><li class=\"rank-math-html-sitemap__item\"><a href=\"https:\/\/brokerjoker.bg\/tr\/area\/s-kalinka\/\" class=\"rank-math-html-sitemap__link\">K. Kalinka<\/a><\/li><li class=\"rank-math-html-sitemap__item\"><a href=\"https:\/\/brokerjoker.bg\/tr\/area\/s-kirkovo\/\" class=\"rank-math-html-sitemap__link\">K\u0131rkova<\/a><\/li><li class=\"rank-math-html-sitemap__item\"><a href=\"https:\/\/brokerjoker.bg\/tr\/area\/s-konush\/\" class=\"rank-math-html-sitemap__link\">Koni\u015f k\u00f6y\u00fc<\/a><\/li><li class=\"rank-math-html-sitemap__item\"><a href=\"https:\/\/brokerjoker.bg\/tr\/area\/s-markovo\/\" class=\"rank-math-html-sitemap__link\">s. Markovo<\/a><\/li><li class=\"rank-math-html-sitemap__item\"><a href=\"https:\/\/brokerjoker.bg\/tr\/area\/s-maslinovo\/\" class=\"rank-math-html-sitemap__link\">Meyveli k\u00f6y\u00fc<\/a><\/li><li class=\"rank-math-html-sitemap__item\"><a href=\"https:\/\/brokerjoker.bg\/tr\/area\/s-nikolovo\/\" class=\"rank-math-html-sitemap__link\">s.Nikolovo<\/a><\/li><li class=\"rank-math-html-sitemap__item\"><a href=\"https:\/\/brokerjoker.bg\/tr\/area\/s-opalchensko\/\" class=\"rank-math-html-sitemap__link\">Opal\u00e7ensko<\/a><\/li><li class=\"rank-math-html-sitemap__item\"><a href=\"https:\/\/brokerjoker.bg\/tr\/area\/s-petlino\/\" class=\"rank-math-html-sitemap__link\">Petlino<\/a><\/li><li class=\"rank-math-html-sitemap__item\"><a href=\"https:\/\/brokerjoker.bg\/tr\/area\/s-pravdolyub\/\" class=\"rank-math-html-sitemap__link\">s. Pravdolyub<\/a><\/li><li class=\"rank-math-html-sitemap__item\"><a href=\"https:\/\/brokerjoker.bg\/tr\/area\/s-prilepczi\/\" class=\"rank-math-html-sitemap__link\">Prilep\u00e7e<\/a><\/li><li class=\"rank-math-html-sitemap__item\"><a href=\"https:\/\/brokerjoker.bg\/tr\/area\/s-pchelarovo\/\" class=\"rank-math-html-sitemap__link\">p.P\u00e7elarovo<\/a><\/li><li class=\"rank-math-html-sitemap__item\"><a href=\"https:\/\/brokerjoker.bg\/tr\/area\/s-rezbarczi\/\" class=\"rank-math-html-sitemap__link\">Rezbarci<\/a><\/li><li class=\"rank-math-html-sitemap__item\"><a href=\"https:\/\/brokerjoker.bg\/tr\/area\/s-sipej\/\" class=\"rank-math-html-sitemap__link\">s.Sipey<\/a><\/li><li class=\"rank-math-html-sitemap__item\"><a href=\"https:\/\/brokerjoker.bg\/tr\/area\/s-smilyan\/\" class=\"rank-math-html-sitemap__link\">S. Smilyan<\/a><\/li><li class=\"rank-math-html-sitemap__item\"><a href=\"https:\/\/brokerjoker.bg\/tr\/area\/s-hvojna\/\" class=\"rank-math-html-sitemap__link\">Hvoyna k\u00f6y\u00fc<\/a><\/li><li class=\"rank-math-html-sitemap__item\"><a href=\"https:\/\/brokerjoker.bg\/tr\/area\/s-chakalarovo\/\" class=\"rank-math-html-sitemap__link\">\u00c7akallarovo<\/a><\/li><li class=\"rank-math-html-sitemap__item\"><a href=\"https:\/\/brokerjoker.bg\/tr\/area\/s-cherna-skala\/\" class=\"rank-math-html-sitemap__link\">\u00c7erna Skala k\u00f6y\u00fc<\/a><\/li><li class=\"rank-math-html-sitemap__item\"><a href=\"https:\/\/brokerjoker.bg\/tr\/area\/s-chestimensko\/\" class=\"rank-math-html-sitemap__link\">\u00c7estimensko<\/a><\/li><li class=\"rank-math-html-sitemap__item\"><a href=\"https:\/\/brokerjoker.bg\/tr\/area\/s-yanino\/\" class=\"rank-math-html-sitemap__link\">s.Yanino<\/a><\/li><li class=\"rank-math-html-sitemap__item\"><a href=\"https:\/\/brokerjoker.bg\/tr\/area\/skala-kalirahi\/\" class=\"rank-math-html-sitemap__link\">Skala Kalirahi<\/a><\/li><li class=\"rank-math-html-sitemap__item\"><a href=\"https:\/\/brokerjoker.bg\/tr\/area\/studen-kladenecz\/\" class=\"rank-math-html-sitemap__link\">So\u011fuk kuyu<\/a><\/li><li class=\"rank-math-html-sitemap__item\"><a href=\"https:\/\/brokerjoker.bg\/tr\/area\/trakiya\/\" class=\"rank-math-html-sitemap__link\">Trakya<\/a><\/li><li class=\"rank-math-html-sitemap__item\"><a href=\"https:\/\/brokerjoker.bg\/tr\/area\/fanari\/\" class=\"rank-math-html-sitemap__link\">Fener<\/a><\/li><li class=\"rank-math-html-sitemap__item\"><a href=\"https:\/\/brokerjoker.bg\/tr\/area\/czentar\/\" class=\"rank-math-html-sitemap__link\">Merkez<\/a><\/li><\/ul><\/div><\/div>","protected":false},"excerpt":{"rendered":"","protected":false},"author":1,"featured_media":0,"parent":0,"menu_order":10,"comment_status":"closed","ping_status":"closed","template":"","meta":{"footnotes":""},"class_list":["post-19113","page","type-page","status-publish","hentry"],"_links":{"self":[{"href":"https:\/\/brokerjoker.bg\/tr\/wp-json\/wp\/v2\/pages\/19113","targetHints":{"allow":["GET"]}}],"collection":[{"href":"https:\/\/brokerjoker.bg\/tr\/wp-json\/wp\/v2\/pages"}],"about":[{"href":"https:\/\/brokerjoker.bg\/tr\/wp-json\/wp\/v2\/types\/page"}],"author":[{"embeddable":true,"href":"https:\/\/brokerjoker.bg\/tr\/wp-json\/wp\/v2\/users\/1"}],"replies":[{"embeddable":true,"href":"https:\/\/brokerjoker.bg\/tr\/wp-json\/wp\/v2\/comments?post=19113"}],"version-history":[{"count":1,"href":"https:\/\/brokerjoker.bg\/tr\/wp-json\/wp\/v2\/pages\/19113\/revisions"}],"predecessor-version":[{"id":19114,"href":"https:\/\/brokerjoker.bg\/tr\/wp-json\/wp\/v2\/pages\/19113\/revisions\/19114"}],"wp:attachment":[{"href":"https:\/\/brokerjoker.bg\/tr\/wp-json\/wp\/v2\/media?parent=19113"}],"curies":[{"name":"wp","href":"https:\/\/api.w.org\/{rel}","templated":true}]}}